{"id":96,"date":"2018-06-18T06:57:57","date_gmt":"2018-06-18T06:57:57","guid":{"rendered":"http:\/\/doreestyle.com\/index.php\/about\/"},"modified":"2025-04-04T07:35:19","modified_gmt":"2025-04-04T10:35:19","slug":"about","status":"publish","type":"page","link":"https:\/\/doreestyle.com\/index.php\/about\/","title":{"rendered":"Preguntas Frecuentes"},"content":{"rendered":"\t\t<div data-elementor-type=\"wp-post\" data-elementor-id=\"96\" class=\"elementor elementor-96\" data-elementor-settings=\"[]\">\n\t\t\t\t\t\t<div class=\"elementor-inner\">\n\t\t\t\t\t\t\t<div class=\"elementor-section-wrap\">\n\t\t\t\t\t\t\t<section class=\"elementor-section elementor-top-section elementor-element elementor-element-24a19f4 elementor-section-boxed elementor-section-height-default elementor-section-height-default\" data-id=\"24a19f4\" data-element_type=\"section\" data-settings=\"{&quot;background_background&quot;:&quot;classic&quot;,&quot;ekit_has_onepagescroll_dot&quot;:&quot;yes&quot;}\">\n\t\t\t\t\t\t<div class=\"elementor-container elementor-column-gap-default\">\n\t\t\t\t\t\t\t<div class=\"elementor-row\">\n\t\t\t\t\t<div class=\"elementor-column elementor-col-100 elementor-top-column elementor-element elementor-element-71ce628\" data-id=\"71ce628\" data-element_type=\"column\">\n\t\t\t<div class=\"elementor-column-wrap elementor-element-populated\">\n\t\t\t\t\t\t\t<div class=\"elementor-widget-wrap\">\n\t\t\t\t\t\t<div class=\"elementor-element elementor-element-967abd8 elementor-widget elementor-widget-heading\" data-id=\"967abd8\" data-element_type=\"widget\" data-widget_type=\"heading.default\">\n\t\t\t\t<div class=\"elementor-widget-container\">\n\t\t\t<h2 class=\"elementor-heading-title elementor-size-default\">Preguntas Frecuentes<\/h2>\t\t<\/div>\n\t\t\t\t<\/div>\n\t\t\t\t<section class=\"elementor-section elementor-inner-section elementor-element elementor-element-e9e4f0f elementor-section-boxed elementor-section-height-default elementor-section-height-default\" data-id=\"e9e4f0f\" data-element_type=\"section\" data-settings=\"{&quot;ekit_has_onepagescroll_dot&quot;:&quot;yes&quot;}\">\n\t\t\t\t\t\t<div class=\"elementor-container elementor-column-gap-wider\">\n\t\t\t\t\t\t\t<div class=\"elementor-row\">\n\t\t\t\t\t<div class=\"elementor-column elementor-col-100 elementor-inner-column elementor-element elementor-element-efa76e8\" data-id=\"efa76e8\" data-element_type=\"column\">\n\t\t\t<div class=\"elementor-column-wrap elementor-element-populated\">\n\t\t\t\t\t\t\t<div class=\"elementor-widget-wrap\">\n\t\t\t\t\t\t<div class=\"elementor-element elementor-element-c6de736 elementor-widget elementor-widget-heading\" data-id=\"c6de736\" data-element_type=\"widget\" data-widget_type=\"heading.default\">\n\t\t\t\t<div class=\"elementor-widget-container\">\n\t\t\t<h3 class=\"elementor-heading-title elementor-size-default\">Compras, Pedidos, Env\u00edos<\/h3>\t\t<\/div>\n\t\t\t\t<\/div>\n\t\t\t\t<div class=\"elementor-element elementor-element-f58105b elementor-widget elementor-widget-accordion\" data-id=\"f58105b\" data-element_type=\"widget\" data-widget_type=\"accordion.default\">\n\t\t\t\t<div class=\"elementor-widget-container\">\n\t\t\t\t\t<div class=\"elementor-accordion\" role=\"tablist\">\n\t\t\t\t\t\t\t<div class=\"elementor-accordion-item\">\n\t\t\t\t\t<div id=\"elementor-tab-title-2571\" class=\"elementor-tab-title\" data-tab=\"1\" role=\"tab\" aria-controls=\"elementor-tab-content-2571\">\n\t\t\t\t\t\t\t\t\t\t\t\t\t<span class=\"elementor-accordion-icon elementor-accordion-icon-right\" aria-hidden=\"true\">\n\t\t\t\t\t\t\t\t\t\t\t\t\t\t\t<span class=\"elementor-accordion-icon-closed\"><i class=\"fas fa-angle-right\"><\/i><\/span>\n\t\t\t\t\t\t\t\t<span class=\"elementor-accordion-icon-opened\"><i class=\"fas fa-angle-down\"><\/i><\/span>\n\t\t\t\t\t\t\t\t\t\t\t\t\t\t<\/span>\n\t\t\t\t\t\t\t\t\t\t\t\t<a class=\"elementor-accordion-title\" href=\"\">1. C\u00f3mo comprar? <\/a>\n\t\t\t\t\t<\/div>\n\t\t\t\t\t<div id=\"elementor-tab-content-2571\" class=\"elementor-tab-content elementor-clearfix\" data-tab=\"1\" role=\"tabpanel\" aria-labelledby=\"elementor-tab-title-2571\"><ul>\n<li>El monto m\u00ednimo para realizar compras online, es de $80,000<\/li>\n<li>\u00danicamente Ventas Mayoristas.<\/li>\n<li>Pod\u00e9s elegir lo que te gusta de nuestra tienda online e ingres\u00e1 tus datos al finalizar el pedido.<\/li>\n<li>Despu\u00e9s de realizar el pedido, primero revisamos el stock de tu pedido y nos comunicamos por whatsapp para coordinar el pago y el env\u00edo. (Horario de atenci\u00f3n online, whatsapp : Lunes a S\u00e1bado 08:30 &#8211; 18:00hs.)<\/li>\n<li>Una vez confirmado el pedido, el cliente tendr\u00e1 3 d\u00edas h\u00e1biles para realizar el pago. Transcurrido el plazo, el pedido se cancela automaticamente.<\/li>\n<\/ul><\/div>\n\t\t\t\t<\/div>\n\t\t\t\t\t\t\t<div class=\"elementor-accordion-item\">\n\t\t\t\t\t<div id=\"elementor-tab-title-2572\" class=\"elementor-tab-title\" data-tab=\"2\" role=\"tab\" aria-controls=\"elementor-tab-content-2572\">\n\t\t\t\t\t\t\t\t\t\t\t\t\t<span class=\"elementor-accordion-icon elementor-accordion-icon-right\" aria-hidden=\"true\">\n\t\t\t\t\t\t\t\t\t\t\t\t\t\t\t<span class=\"elementor-accordion-icon-closed\"><i class=\"fas fa-angle-right\"><\/i><\/span>\n\t\t\t\t\t\t\t\t<span class=\"elementor-accordion-icon-opened\"><i class=\"fas fa-angle-down\"><\/i><\/span>\n\t\t\t\t\t\t\t\t\t\t\t\t\t\t<\/span>\n\t\t\t\t\t\t\t\t\t\t\t\t<a class=\"elementor-accordion-title\" href=\"\">2. Talles<\/a>\n\t\t\t\t\t<\/div>\n\t\t\t\t\t<div id=\"elementor-tab-content-2572\" class=\"elementor-tab-content elementor-clearfix\" data-tab=\"2\" role=\"tabpanel\" aria-labelledby=\"elementor-tab-title-2572\"><p>Trabajamos talle \u00fanico. Para las remeras es un talle S-M y para pantal\u00f3nes es un 36-38.<\/p><\/div>\n\t\t\t\t<\/div>\n\t\t\t\t\t\t\t<div class=\"elementor-accordion-item\">\n\t\t\t\t\t<div id=\"elementor-tab-title-2573\" class=\"elementor-tab-title\" data-tab=\"3\" role=\"tab\" aria-controls=\"elementor-tab-content-2573\">\n\t\t\t\t\t\t\t\t\t\t\t\t\t<span class=\"elementor-accordion-icon elementor-accordion-icon-right\" aria-hidden=\"true\">\n\t\t\t\t\t\t\t\t\t\t\t\t\t\t\t<span class=\"elementor-accordion-icon-closed\"><i class=\"fas fa-angle-right\"><\/i><\/span>\n\t\t\t\t\t\t\t\t<span class=\"elementor-accordion-icon-opened\"><i class=\"fas fa-angle-down\"><\/i><\/span>\n\t\t\t\t\t\t\t\t\t\t\t\t\t\t<\/span>\n\t\t\t\t\t\t\t\t\t\t\t\t<a class=\"elementor-accordion-title\" href=\"\">3. Formas de Pago<\/a>\n\t\t\t\t\t<\/div>\n\t\t\t\t\t<div id=\"elementor-tab-content-2573\" class=\"elementor-tab-content elementor-clearfix\" data-tab=\"3\" role=\"tabpanel\" aria-labelledby=\"elementor-tab-title-2573\"><ul>\n<li>1) Efectivo<\/li>\n<li>2) Dep\u00f3sito bancario&nbsp;<\/li><li>3) Transferencia bancaria.&nbsp;<\/li><li>En caso de realizar una transferencia o dep\u00f3sito bancario, deb\u00e9s enviarnos el comprobante del banco.<\/li>\n<\/ul><\/div>\n\t\t\t\t<\/div>\n\t\t\t\t\t\t\t<div class=\"elementor-accordion-item\">\n\t\t\t\t\t<div id=\"elementor-tab-title-2574\" class=\"elementor-tab-title\" data-tab=\"4\" role=\"tab\" aria-controls=\"elementor-tab-content-2574\">\n\t\t\t\t\t\t\t\t\t\t\t\t\t<span class=\"elementor-accordion-icon elementor-accordion-icon-right\" aria-hidden=\"true\">\n\t\t\t\t\t\t\t\t\t\t\t\t\t\t\t<span class=\"elementor-accordion-icon-closed\"><i class=\"fas fa-angle-right\"><\/i><\/span>\n\t\t\t\t\t\t\t\t<span class=\"elementor-accordion-icon-opened\"><i class=\"fas fa-angle-down\"><\/i><\/span>\n\t\t\t\t\t\t\t\t\t\t\t\t\t\t<\/span>\n\t\t\t\t\t\t\t\t\t\t\t\t<a class=\"elementor-accordion-title\" href=\"\">4. M\u00e9todos de Env\u00edo<\/a>\n\t\t\t\t\t<\/div>\n\t\t\t\t\t<div id=\"elementor-tab-content-2574\" class=\"elementor-tab-content elementor-clearfix\" data-tab=\"4\" role=\"tabpanel\" aria-labelledby=\"elementor-tab-title-2574\"><div>&nbsp;<\/div>\n<ul>\n<li>Env\u00edos a todo el pa\u00eds&nbsp;<\/li>\n<li>El costo de env\u00edo corre por cuenta del comprador. Los m\u00e9todos de env\u00edo son los siguientes:<\/li>\n<li style=\"font-variant: inherit; font-stretch: inherit; font-size: inherit; line-height: inherit; font-family: inherit;\">1) Transporte o Expreso (a elecci\u00f3n del cliente) : Por despacho desde nuestro local hasta el transporte especificado se suman $2400 al pedido. El costo del env\u00edo depende del transporte y se abona al recibir el pedido. (Podemos enviar por Via Cargo, Integral Pack, SendBox, MD Cargas, Maip\u00fa, Cruz del Sur, Crucero Express, Expreso Losa, Astutti, La sevillanita, Central Argentino, etc.)<\/li>\n<li style=\"font-variant: inherit; font-stretch: inherit; font-size: inherit; line-height: inherit; font-family: inherit;\">2) Correo Argentino a Sucursal : $15500, se abona de antemano. (hasta 7kgs misma tarifa,)<\/li>\n<li style=\"font-variant: inherit; font-stretch: inherit; font-size: inherit; line-height: inherit; font-family: inherit;\">3) Correo Argentino a Domicilio : $18500, se abona de antemano. (hasta 7kgs misma tarifa)<\/li>\n<li style=\"font-variant: inherit; font-stretch: inherit; font-size: inherit; line-height: inherit; font-family: inherit;\">4) Envios por OCA, Andreani (hasta 7kg misma tarifa)<\/li>\n<li>Los env\u00edos se realizan una vez confirmado el pago del pedido.<\/li>\n<li style=\"font-size: 15px;\">Retiro en local (Tambi\u00e9n tiene la opci\u00f3n de pagar y retirar en local, si se maneja con Comisionista \/ Moto.)<\/li>\n<\/ul><\/div>\n\t\t\t\t<\/div>\n\t\t\t\t\t<\/div>\n\t\t\t\t<\/div>\n\t\t\t\t<\/div>\n\t\t\t\t\t\t<\/div>\n\t\t\t\t\t<\/div>\n\t\t<\/div>\n\t\t\t\t\t\t\t\t<\/div>\n\t\t\t\t\t<\/div>\n\t\t<\/section>\n\t\t\t\t\t\t<\/div>\n\t\t\t\t\t<\/div>\n\t\t<\/div>\n\t\t\t\t\t\t\t\t<\/div>\n\t\t\t\t\t<\/div>\n\t\t<\/section>\n\t\t\t\t\t\t<\/div>\n\t\t\t\t\t\t<\/div>\n\t\t\t\t\t<\/div>\n\t\t","protected":false},"excerpt":{"rendered":"<p>Preguntas Frecuentes Compras, Pedidos, Env\u00edos 1. C\u00f3mo comprar? El monto m\u00ednimo para realizar compras online, es de $80,000 \u00danicamente Ventas Mayoristas. Pod\u00e9s elegir lo que te gusta de nuestra tienda online e ingres\u00e1 tus datos al finalizar el pedido. Despu\u00e9s de realizar el pedido, primero revisamos el stock de tu pedido y nos comunicamos por &hellip;<\/p>\n<p class=\"read-more\"> <a class=\"\" href=\"https:\/\/doreestyle.com\/index.php\/about\/\"> <span class=\"screen-reader-text\">Preguntas Frecuentes<\/span> Leer m\u00e1s &raquo;<\/a><\/p>\n","protected":false},"author":1,"featured_media":0,"parent":0,"menu_order":0,"comment_status":"closed","ping_status":"closed","template":"","meta":{"site-sidebar-layout":"no-sidebar","site-content-layout":"page-builder","ast-global-header-display":"","ast-banner-title-visibility":"","ast-main-header-display":"","ast-hfb-above-header-display":"","ast-hfb-below-header-display":"","ast-hfb-mobile-header-display":"","site-post-title":"disabled","ast-breadcrumbs-content":"","ast-featured-img":"disabled","footer-sml-layout":"","theme-transparent-header-meta":"enabled","adv-header-id-meta":"","stick-header-meta":"default","header-above-stick-meta":"","header-main-stick-meta":"","header-below-stick-meta":"","footnotes":""},"_links":{"self":[{"href":"https:\/\/doreestyle.com\/index.php\/wp-json\/wp\/v2\/pages\/96"}],"collection":[{"href":"https:\/\/doreestyle.com\/index.php\/wp-json\/wp\/v2\/pages"}],"about":[{"href":"https:\/\/doreestyle.com\/index.php\/wp-json\/wp\/v2\/types\/page"}],"author":[{"embeddable":true,"href":"https:\/\/doreestyle.com\/index.php\/wp-json\/wp\/v2\/users\/1"}],"replies":[{"embeddable":true,"href":"https:\/\/doreestyle.com\/index.php\/wp-json\/wp\/v2\/comments?post=96"}],"version-history":[{"count":95,"href":"https:\/\/doreestyle.com\/index.php\/wp-json\/wp\/v2\/pages\/96\/revisions"}],"predecessor-version":[{"id":14010,"href":"https:\/\/doreestyle.com\/index.php\/wp-json\/wp\/v2\/pages\/96\/revisions\/14010"}],"wp:attachment":[{"href":"https:\/\/doreestyle.com\/index.php\/wp-json\/wp\/v2\/media?parent=96"}],"curies":[{"name":"wp","href":"https:\/\/api.w.org\/{rel}","templated":true}]}}